{"id":10,"date":"2009-12-01T19:13:57","date_gmt":"2009-12-01T18:13:57","guid":{"rendered":"http:\/\/www.blackbam.at\/blog\/?page_id=10"},"modified":"2015-04-12T22:09:08","modified_gmt":"2015-04-12T20:09:08","slug":"impressum","status":"publish","type":"page","link":"https:\/\/blog.blackbam.at\/de\/impressum\/","title":{"rendered":"\u00dcber diesen Blog"},"content":{"rendered":"<p>Da alles Wissen, speziell im digitalen Zeitalter, fl\u00fcchtig ist, habe ich diesen Blog ins Leben gerufen. Er besch\u00e4ftigt sich in erster Linie mit Webprogramierung und Design, zum Teil auch mit netzpolitischen und &#8211; philosophischen Fragestellungen. Zun\u00e4chst einmal ist er ein Knoten- und Koordinationspunkt f\u00fcr qualitativ hochwertige Tutorials und Ressourcen, die man als Programmierer oder Designer bei der tagt\u00e4glichen Arbeit unt Weiterbildung brauchen kann. Im Laufe der Zeit soll der Blog auch sukzessive mit eigenen Tutorials angereichert werden, meistens n\u00fctzliche Dinge, die man einmal lernt und nicht vergessen will. Gerade als Techniker und Webentwickler finde ich es auch wichtig, auch aktuelle technische Entwicklungen zu hinterfragen und seine Mitmenschen auf Gefahren oder Missst\u00e4nde hinzuweisen, weswegen ich bei entsprechenden Anl\u00e4ssen auch diesbez\u00fcglich Artikel zu ver\u00f6ffentlichen gedenke.<\/p>\n<p style=\"font-weight: bold; font-size: 18px;\">\u00dcbrigens: <a href=\"http:\/\/www.blackbam.at\/web-entwicklung\/\">Als Freelancer in Wien setze ich Software Projekte um &gt;<\/a><\/p>\n<div>\n<div style=\"float: left;\">\n<h3 style=\"margin: 30px 0px 6px 0px;\">Impressum<\/h3>\n<table>\n<tbody>\n<tr>\n<td style=\"padding-right: 65px;\">Name<\/td>\n<td>David St\u00f6ckl<\/td>\n<\/tr>\n<tr>\n<td>Adresse<\/td>\n<td>Barawitzkagasse 34\/3\/37<\/p>\n<p>1190 Wien<\/p>\n<p>\u00d6sterreich<\/td>\n<\/tr>\n<tr>\n<td><\/td>\n<td><\/td>\n<\/tr>\n<tr>\n<td>E-Mail, MSN<\/td>\n<td><a href=\"mailto:blackbam@hotmail.de\">blackbam@hotmail.de<\/a><\/td>\n<\/tr>\n<tr>\n<td>Telefon<\/td>\n<td>+43 676 3943745<\/td>\n<\/tr>\n<tr>\n<td>ICQ<\/td>\n<td>349-945-396<\/td>\n<\/tr>\n<tr>\n<td>Skype<\/td>\n<td>blackbam666<\/td>\n<\/tr>\n<tr>\n<td>Stackoverflow<\/td>\n<td><a href=\"http:\/\/stackoverflow.com\/users\/576746\/blackbam\">blackbam<\/a><\/td>\n<\/tr>\n<tr>\n<td>WordPress<\/td>\n<td><a href=\"http:\/\/wordpress.org\/extend\/plugins\/profile\/blackbam\">blackbam<\/a><\/td>\n<\/tr>\n<\/tbody>\n<\/table>\n<\/div>\n<div style=\"float: left; margin: 55px 0px 0px 70px;\"><a href=\"https:\/\/blog.blackbam.at\/wp-content\/uploads\/2009\/12\/Just_another_Blackbam.jpg\"><img loading=\"lazy\" decoding=\"async\" class=\"alignleft size-thumbnail wp-image-919\" title=\"Just_another_Blackbam\" src=\"https:\/\/blog.blackbam.at\/wp-content\/uploads\/2009\/12\/Just_another_Blackbam-150x150.jpg\" alt=\"\" width=\"150\" height=\"150\" \/><\/a><\/div>\n<div style=\"clear: both;\"><\/div>\n<\/div>\n<p>Au\u00dferdem ein paar Credits and meine bisherigen Arbeitgeber, die mir durch die Arbeit stets helfen \/ geholfen haben mein wissen zu erweitern. Danke und weiter so!<\/p>\n<p><a href=\"http:\/\/www.visualpropagand.at\/\">Visualpropaganda<\/a> (since spring 2009)<\/p>\n<p><a href=\"http:\/\/www.limesoda.at\/\">Limesoda interactive marketing GmbH<\/a> (spring 2011)<\/p>\n<p><a href=\"http:\/\/www.kuse.de\/\">Kuse.de Werbeagentur<\/a> (summer 2007)<\/p>\n<p>Thank you for visiting.<\/p>\n<pre id=\"taag_output_text\" class=\"fig-ansi\">\u2588\u2588\u2588\u2588\u2588\u2588\u2557 \u2588\u2588\u2557      \u2588\u2588\u2588\u2588\u2588\u2557  \u2588\u2588\u2588\u2588\u2588\u2588\u2557\u2588\u2588\u2557  \u2588\u2588\u2557\u2588\u2588\u2588\u2588\u2588\u2588\u2557  \u2588\u2588\u2588\u2588\u2588\u2557 \u2588\u2588\u2588\u2557   \u2588\u2588\u2588\u2557\u2588\u2588\u2588\u2588\u2588\u2588\u2588\u2557    \u2588\u2588\u2588\u2588\u2588\u2588\u2557 \u2588\u2588\u2557      \u2588\u2588\u2588\u2588\u2588\u2588\u2557  \u2588\u2588\u2588\u2588\u2588\u2588\u2557 \r\n\u2588\u2588\u2554\u2550\u2550\u2588\u2588\u2557\u2588\u2588\u2551     \u2588\u2588\u2554\u2550\u2550\u2588\u2588\u2557\u2588\u2588\u2554\u2550\u2550\u2550\u2550\u255d\u2588\u2588\u2551 \u2588\u2588\u2554\u255d\u2588\u2588\u2554\u2550\u2550\u2588\u2588\u2557\u2588\u2588\u2554\u2550\u2550\u2588\u2588\u2557\u2588\u2588\u2588\u2588\u2557 \u2588\u2588\u2588\u2588\u2551\u2588\u2588\u2554\u2550\u2550\u2550\u2550\u255d    \u2588\u2588\u2554\u2550\u2550\u2588\u2588\u2557\u2588\u2588\u2551     \u2588\u2588\u2554\u2550\u2550\u2550\u2588\u2588\u2557\u2588\u2588\u2554\u2550\u2550\u2550\u2550\u255d \r\n\u2588\u2588\u2588\u2588\u2588\u2588\u2554\u255d\u2588\u2588\u2551     \u2588\u2588\u2588\u2588\u2588\u2588\u2588\u2551\u2588\u2588\u2551     \u2588\u2588\u2588\u2588\u2588\u2554\u255d \u2588\u2588\u2588\u2588\u2588\u2588\u2554\u255d\u2588\u2588\u2588\u2588\u2588\u2588\u2588\u2551\u2588\u2588\u2554\u2588\u2588\u2588\u2588\u2554\u2588\u2588\u2551\u2588\u2588\u2588\u2588\u2588\u2588\u2588\u2557    \u2588\u2588\u2588\u2588\u2588\u2588\u2554\u255d\u2588\u2588\u2551     \u2588\u2588\u2551   \u2588\u2588\u2551\u2588\u2588\u2551  \u2588\u2588\u2588\u2557\r\n\u2588\u2588\u2554\u2550\u2550\u2588\u2588\u2557\u2588\u2588\u2551     \u2588\u2588\u2554\u2550\u2550\u2588\u2588\u2551\u2588\u2588\u2551     \u2588\u2588\u2554\u2550\u2588\u2588\u2557 \u2588\u2588\u2554\u2550\u2550\u2588\u2588\u2557\u2588\u2588\u2554\u2550\u2550\u2588\u2588\u2551\u2588\u2588\u2551\u255a\u2588\u2588\u2554\u255d\u2588\u2588\u2551\u255a\u2550\u2550\u2550\u2550\u2588\u2588\u2551    \u2588\u2588\u2554\u2550\u2550\u2588\u2588\u2557\u2588\u2588\u2551     \u2588\u2588\u2551   \u2588\u2588\u2551\u2588\u2588\u2551   \u2588\u2588\u2551\r\n\u2588\u2588\u2588\u2588\u2588\u2588\u2554\u255d\u2588\u2588\u2588\u2588\u2588\u2588\u2588\u2557\u2588\u2588\u2551  \u2588\u2588\u2551\u255a\u2588\u2588\u2588\u2588\u2588\u2588\u2557\u2588\u2588\u2551  \u2588\u2588\u2557\u2588\u2588\u2588\u2588\u2588\u2588\u2554\u255d\u2588\u2588\u2551  \u2588\u2588\u2551\u2588\u2588\u2551 \u255a\u2550\u255d \u2588\u2588\u2551\u2588\u2588\u2588\u2588\u2588\u2588\u2588\u2551    \u2588\u2588\u2588\u2588\u2588\u2588\u2554\u255d\u2588\u2588\u2588\u2588\u2588\u2588\u2588\u2557\u255a\u2588\u2588\u2588\u2588\u2588\u2588\u2554\u255d\u255a\u2588\u2588\u2588\u2588\u2588\u2588\u2554\u255d\r\n\u255a\u2550\u2550\u2550\u2550\u2550\u255d \u255a\u2550\u2550\u2550\u2550\u2550\u2550\u255d\u255a\u2550\u255d  \u255a\u2550\u255d \u255a\u2550\u2550\u2550\u2550\u2550\u255d\u255a\u2550\u255d  \u255a\u2550\u255d\u255a\u2550\u2550\u2550\u2550\u2550\u255d \u255a\u2550\u255d  \u255a\u2550\u255d\u255a\u2550\u255d     \u255a\u2550\u255d\u255a\u2550\u2550\u2550\u2550\u2550\u2550\u255d    \u255a\u2550\u2550\u2550\u2550\u2550\u255d \u255a\u2550\u2550\u2550\u2550\u2550\u2550\u255d \u255a\u2550\u2550\u2550\u2550\u2550\u255d  \u255a\u2550\u2550\u2550\u2550\u2550\u255d \r\n<\/pre>\n<p><\/p>","protected":false},"excerpt":{"rendered":"<p>Da alles Wissen, speziell im digitalen Zeitalter, fl\u00fcchtig ist, habe ich diesen Blog ins Leben gerufen. Er besch\u00e4ftigt sich in erster Linie mit Webprogramierung und Design, zum Teil auch mit netzpolitischen und &#8211; philosophischen Fragestellungen. Zun\u00e4chst einmal ist er ein Knoten- und Koordinationspunkt f\u00fcr qualitativ hochwertige Tutorials und Ressourcen, die man als Programmierer oder Designer [&hellip;]<\/p>\n","protected":false},"author":2,"featured_media":0,"parent":0,"menu_order":4,"comment_status":"closed","ping_status":"open","template":"","meta":{"footnotes":""},"class_list":["post-10","page","type-page","status-publish","hentry"],"_links":{"self":[{"href":"https:\/\/blog.blackbam.at\/de\/wp-json\/wp\/v2\/pages\/10","targetHints":{"allow":["GET"]}}],"collection":[{"href":"https:\/\/blog.blackbam.at\/de\/wp-json\/wp\/v2\/pages"}],"about":[{"href":"https:\/\/blog.blackbam.at\/de\/wp-json\/wp\/v2\/types\/page"}],"author":[{"embeddable":true,"href":"https:\/\/blog.blackbam.at\/de\/wp-json\/wp\/v2\/users\/2"}],"replies":[{"embeddable":true,"href":"https:\/\/blog.blackbam.at\/de\/wp-json\/wp\/v2\/comments?post=10"}],"version-history":[{"count":0,"href":"https:\/\/blog.blackbam.at\/de\/wp-json\/wp\/v2\/pages\/10\/revisions"}],"wp:attachment":[{"href":"https:\/\/blog.blackbam.at\/de\/wp-json\/wp\/v2\/media?parent=10"}],"curies":[{"name":"wp","href":"https:\/\/api.w.org\/{rel}","templated":true}]}}